{"id":278,"date":"2021-11-22T08:06:52","date_gmt":"2021-11-22T07:06:52","guid":{"rendered":"https:\/\/quantumculture.art\/?page_id=278"},"modified":"2021-11-22T20:58:08","modified_gmt":"2021-11-22T19:58:08","slug":"enjeux-generaux-methodes-et-processus","status":"publish","type":"page","link":"https:\/\/quantumculture.art\/?page_id=278","title":{"rendered":"Enjeux g\u00e9n\u00e9raux, m\u00e9thodes et processus"},"content":{"rendered":"\n<div class=\"wp-block-columns has-3-columns\">\n<div class=\"wp-block-column\">\n<div class=\"wp-block-cover has-background-dim\" style=\"background-color:#0e3546\"><div class=\"wp-block-cover__inner-container\">\n<p class=\"has-text-align-center has-large-font-size\"><a href=\"https:\/\/quantumculture.art\/?page_id=305\" data-type=\"page\" data-id=\"305\"><span style=\"color:#fafafa\" class=\"has-inline-color\">\n\nVision strat\u00e9gique et politique<\/span><\/a><\/p>\n<\/div><\/div>\n\n\n\n<p>Malesuada nibh montes fusce cum eleifend fringilla commodo mattis tempor platea montes. Malesuada nibh montes fusce cum eleifend. Malesuada nibh montes fusce cum eleifend fringilla commodo mattis tempor platea montes.<\/p>\n<\/div>\n\n\n\n<div class=\"wp-block-column\">\n<div class=\"wp-block-cover has-background-dim\" style=\"background-color:#b2b2b2\"><div class=\"wp-block-cover__inner-container\">\n<p class=\"has-text-align-center has-large-font-size\"><a href=\"https:\/\/quantumculture.art\/?page_id=307\" data-type=\"page\" data-id=\"307\"><span style=\"color:#fafafa\" class=\"has-inline-color\">Structuration et mont\u00e9e en comp\u00e9tence<\/span><\/a><\/p>\n<\/div><\/div>\n\n\n\n<p>Malesuada nibh montes fusce cum eleifend fringilla commodo mattis tempor platea montes. Malesuada nibh montes fusce cum eleifend. Malesuada nibh montes fusce cum eleifend fringilla commodo mattis tempor platea montes.<\/p>\n<\/div>\n\n\n\n<div class=\"wp-block-column\">\n<div class=\"wp-block-cover has-background-dim\" style=\"background-color:#780002\"><div class=\"wp-block-cover__inner-container\">\n<p class=\"has-text-align-center has-large-font-size\"><a href=\"https:\/\/quantumculture.art\/?page_id=309\" data-type=\"page\" data-id=\"309\"><span style=\"color:#fafafa\" class=\"has-inline-color\"> Coop\u00e9ration et co-construction<\/span><\/a><\/p>\n<\/div><\/div>\n\n\n\n<p>Malesuada nibh montes fusce cum eleifend fringilla commodo mattis tempor platea montes. Malesuada nibh montes fusce cum eleifend. Malesuada nibh montes fusce cum eleifend fringilla commodo mattis tempor platea montes.<\/p>\n<\/div>\n<\/div>\n","protected":false},"excerpt":{"rendered":"<p>Malesuada nibh montes fusce cum eleifend fringilla commodo mattis tempor platea montes. Malesuada nibh montes fusce cum eleifend. Malesuada nibh montes fusce cum eleifend fringilla commodo mattis tempor platea montes. Malesuada nibh montes fusce cum eleifend fringilla commodo mattis tempor platea montes. Malesuada nibh montes fusce cum eleifend. Malesuada nibh montes fusce cum eleifend fringilla &hellip; <a href=\"https:\/\/quantumculture.art\/?page_id=278\" class=\"more-link\">Continue reading <span class=\"screen-reader-text\">Enjeux g\u00e9n\u00e9raux, m\u00e9thodes et processus<\/span><\/a><\/p>\n","protected":false},"author":1,"featured_media":0,"parent":0,"menu_order":0,"comment_status":"closed","ping_status":"closed","template":"","meta":{"advanced_seo_description":"","spay_email":""},"jetpack_sharing_enabled":true,"_links":{"self":[{"href":"https:\/\/quantumculture.art\/index.php?rest_route=\/wp\/v2\/pages\/278"}],"collection":[{"href":"https:\/\/quantumculture.art\/index.php?rest_route=\/wp\/v2\/pages"}],"about":[{"href":"https:\/\/quantumculture.art\/index.php?rest_route=\/wp\/v2\/types\/page"}],"author":[{"embeddable":true,"href":"https:\/\/quantumculture.art\/index.php?rest_route=\/wp\/v2\/users\/1"}],"replies":[{"embeddable":true,"href":"https:\/\/quantumculture.art\/index.php?rest_route=%2Fwp%2Fv2%2Fcomments&post=278"}],"version-history":[{"count":7,"href":"https:\/\/quantumculture.art\/index.php?rest_route=\/wp\/v2\/pages\/278\/revisions"}],"predecessor-version":[{"id":317,"href":"https:\/\/quantumculture.art\/index.php?rest_route=\/wp\/v2\/pages\/278\/revisions\/317"}],"wp:attachment":[{"href":"https:\/\/quantumculture.art\/index.php?rest_route=%2Fwp%2Fv2%2Fmedia&parent=278"}],"curies":[{"name":"wp","href":"https:\/\/api.w.org\/{rel}","templated":true}]}}