{"id":326,"date":"2021-11-22T21:06:41","date_gmt":"2021-11-22T20:06:41","guid":{"rendered":"https:\/\/quantumculture.art\/?page_id=326"},"modified":"2021-11-22T21:06:41","modified_gmt":"2021-11-22T20:06:41","slug":"culture-mondiale-et-enjeux-dinterculturation","status":"publish","type":"page","link":"https:\/\/quantumculture.art\/?page_id=326","title":{"rendered":"Culture mondiale et enjeux d\u2019interculturation"},"content":{"rendered":"\n\t\t\t\t\t\t\t<h3 style=\"margin-bottom:20px ;display:block;width:100%;margin-top:10px\">Culture mondiale et enjeux d\u2019interculturation <\/h3>\r\n\t\t\t\t\t\t\t\t<style>\r\n\t\t\t\t\r\n\t\t\t\t\t#tab_container_272 {\r\n\toverflow:hidden;\r\n\tdisplay:block;\r\n\twidth:100%;\r\n\tborder:0px solid #ddd;\r\n\tmargin-bottom:30px;\r\n\t}\r\n\r\n#tab_container_272 .tab-content{\r\n\tpadding:20px;\r\n\tborder: 1px solid #e6e6e6 !important;\r\n\tmargin-top: 0px;\r\n\tbackground-color:#ffffff !important;\r\n\tcolor: #000000 !important;\r\n\tfont-size:16px !important;\r\n\tfont-family: Open Sans !important;\r\n\t\r\n\t\tborder: 1px solid #e6e6e6 !important;\r\n\t}\r\n#tab_container_272 .wpsm_nav-tabs {\r\n    border-bottom: 0px solid #ddd;\r\n}\r\n#tab_container_272 .wpsm_nav-tabs > li.active > a, #tab_container_272 .wpsm_nav-tabs > li.active > a:hover, #tab_container_272 .wpsm_nav-tabs > li.active > a:focus {\r\n\tcolor: #000000 !important;\r\n\tcursor: default;\r\n\tbackground-color: #ffffff !important;\r\n\tborder: 1px solid #e6e6e6 !important;\r\n}\r\n\r\n#tab_container_272 .wpsm_nav-tabs > li > a {\r\n    margin-right: 0px !important; \r\n    line-height: 1.42857143 !important;\r\n    border: 1px solid #d5d5d5 !important;\r\n    border-radius: 0px 0px 0 0 !important; \r\n\tbackground-color: #e8e8e8 !important;\r\n\tcolor: #000000 !important;\r\n\tpadding: 15px 18px 15px 18px !important;\r\n\ttext-decoration: none !important;\r\n\tfont-size: 14px !important;\r\n\ttext-align:center !important;\r\n\tfont-family: Open Sans !important;\r\n}\r\n#tab_container_272 .wpsm_nav-tabs > li > a:focus {\r\noutline: 0px !important;\r\n}\r\n\r\n#tab_container_272 .wpsm_nav-tabs > li > a:before {\r\n\tdisplay:none !important;\r\n}\r\n#tab_container_272 .wpsm_nav-tabs > li > a:after {\r\n\tdisplay:none !important ;\r\n}\r\n#tab_container_272 .wpsm_nav-tabs > li{\r\npadding:0px !important ;\r\nmargin:0px;\r\n}\r\n\r\n#tab_container_272 .wpsm_nav-tabs > li > a:hover , #tab_container_272 .wpsm_nav-tabs > li > a:focus {\r\n    color: #000000 !important;\r\n    background-color: #e8e8e8 !important;\r\n\tborder: 1px solid #d5d5d5 !important;\r\n\t\r\n}\r\n#tab_container_272 .wpsm_nav-tabs > li > a .fa{\r\n\r\nmargin-right:5px !important;\r\n\r\nmargin-left:5px !important;\r\n\r\n\r\n}\r\n\r\n\t\t#tab_container_272 .wpsm_nav-tabs a{\r\n\t\t\tbackground-image: none;\r\n\t\t\tbackground-position: 0 0;\r\n\t\t\tbackground-repeat: repeat-x;\r\n\t\t}\r\n\t\t\t\r\n\r\n\r\n#tab_container_272 .wpsm_nav-tabs > li {\r\n    float: left;\r\n    margin-bottom: -1px !important;\r\n\tmargin-right:0px !important; \r\n}\r\n\r\n\r\n#tab_container_272 .tab-content{\r\noverflow:hidden !important;\r\n}\r\n\r\n\r\n@media (min-width: 769px) {\r\n\r\n\t#tab_container_272 .wpsm_nav-tabs > li{\r\n\t\tfloat:left !important ;\r\n\t\t\t\tmargin-right:-1px !important;\r\n\t\t\t\t\t}\r\n\t#tab_container_272 .wpsm_nav-tabs{\r\n\t\tfloat:none !important;\r\n\t\tmargin:0px !important;\r\n\t}\r\n\r\n\t#tab_container_272 .wpsm_nav-tabs > li {\r\n\t\t\t\t\r\n\t}\r\n\t#tab_container_272 .wpsm_nav{\r\n\t\t\t}\r\n\r\n}\r\n\r\n\r\n\r\n@media (max-width: 768px) {\r\n\t#tab_container_272 .wpsm_nav-tabs > li {\r\n\t\t\t\t\r\n\t}\r\n\t#tab_container_272 .wpsm_nav{\r\n\t\t\t}\r\n}\r\n\r\n\r\n\t.wpsm_nav-tabs li:before{\r\n\t\tdisplay:none !important;\r\n\t}\r\n\r\n\t@media (max-width: 768px) {\r\n\t\t\t\t\r\n\t\t\t\t.wpsm_nav-tabs{\r\n\t\t\tmargin-left:0px !important;\r\n\t\t\tmargin-right:0px !important; \r\n\t\t\t\r\n\t\t}\r\n\t\t\t\t#tab_container_272 .wpsm_nav-tabs > li{\r\n\t\t\tfloat:none !important;\r\n\t\t}\r\n\t\t\t\r\n\t}\t\t\t\t<\/style>\r\n\t\t\t\t<div id=\"tab_container_272\" >\r\n\t \r\n\t\t\t\t\t<ul class=\"wpsm_nav wpsm_nav-tabs\" role=\"tablist\" id=\"myTab_272\">\r\n\t\t\t\t\t\t\t\r\n\t\t\t\t\t\t\t<li role=\"presentation\"  class=\"active\"  onclick=\"do_resize()\">\r\n\t\t\t\t\t\t\t\t<a href=\"#tabs_desc_272_1\" aria-controls=\"tabs_desc_272_1\" role=\"tab\" data-toggle=\"tab\">\r\n\t\t\t\t\t\t\t\t\t\r\n\t\t\t\t\t\t\t\t\t\t\t\t\t\t\t\t\t\t\t\t\t\t\t\t\t\t\t\t\t\t\t\t\t\t\t\t\t<i class=\"fa fa-laptop\"><\/i> \t\t\t\t\t\t\t\t\t\t\t\t\t\t\t\t\t\t\t\t\t\t\t\r\n\t\t\t\t\t\t\t\t\t\t\t\t\t\t\t\t\t\t\t\t\t\t\r\n\t\t\t\t\t\t\t\t\t\t\t<span>1. Les piliers \u00e9thiques de la culture mondiale<\/span>\r\n\t\t\t\t\t\t\t\t\t\t\t\r\n\t\t\t\t\t\t\t\t\t\t\t\t\t\t\t\t\t\t\t\t\t\t\r\n\t\t\t\t\t\t\t\t\t\t\t\t\t\t\t\t\t\t\t\t\r\n\t\t\t\t\t\t\t\t\t\t\r\n\t\t\t\t\t\t\t\t\t\r\n\t\t\t\t\t\t\t\t<\/a>\r\n\t\t\t\t\t\t\t<\/li>\r\n\t\t\t\t\t\t\t\r\n\t\t\t\t\t\t\t<li role=\"presentation\"  onclick=\"do_resize()\">\r\n\t\t\t\t\t\t\t\t<a href=\"#tabs_desc_272_2\" aria-controls=\"tabs_desc_272_2\" role=\"tab\" data-toggle=\"tab\">\r\n\t\t\t\t\t\t\t\t\t\r\n\t\t\t\t\t\t\t\t\t\t\t\t\t\t\t\t\t\t\t\t\t\t\t\t\t\t\t\t\t\t\t\t\t\t\t\t\t<i class=\"fa fa-laptop\"><\/i> \t\t\t\t\t\t\t\t\t\t\t\t\t\t\t\t\t\t\t\t\t\t\t\r\n\t\t\t\t\t\t\t\t\t\t\t\t\t\t\t\t\t\t\t\t\t\t\r\n\t\t\t\t\t\t\t\t\t\t\t<span>2. Interculturation et processus partag\u00e9s<\/span>\r\n\t\t\t\t\t\t\t\t\t\t\t\r\n\t\t\t\t\t\t\t\t\t\t\t\t\t\t\t\t\t\t\t\t\t\t\r\n\t\t\t\t\t\t\t\t\t\t\t\t\t\t\t\t\t\t\t\t\r\n\t\t\t\t\t\t\t\t\t\t\r\n\t\t\t\t\t\t\t\t\t\r\n\t\t\t\t\t\t\t\t<\/a>\r\n\t\t\t\t\t\t\t<\/li>\r\n\t\t\t\t\t\t\t\t\t\t\t <\/ul>\r\n\r\n\t\t\t\t\t  <!-- Tab panes -->\r\n\t\t\t\t\t  <div class=\"tab-content\" id=\"tab-content_272\">\r\n\t\t\t\t\t\t\t\t\t\t\t\t <div role=\"tabpanel\" class=\"tab-pane  in active \" id=\"tabs_desc_272_1\">\r\n\t\t\t\t\t\t\t\tLes quatre objectifs principaux de l\u2019UNESCO rappel\u00e9 dans le Rapport mondial 2018 sont de \u00ab\u00a0<i>soutenir des syst\u00e8mes de gouvernance durables de la culture ; parvenir \u00e0 un \u00e9change \u00e9quilibr\u00e9 de biens et services culturels et accro\u00eetre la mobilit\u00e9 des artistes et des professionnels de la culture ; int\u00e9grer la culture dans les cadres de d\u00e9veloppement durable ; promouvoir les droits de l'homme et les libert\u00e9s fondamentales\u00a0\u00bb .<\/i>\r\n\r\nComme nous l\u2019avons vu, l\u2019ing\u00e9nierie culturelle est \u00e0 m\u00eame de r\u00e9pondre \u00e0 l\u2019ensemble de ces perspectives, de leur donner un sens et des m\u00e9thodes d\u2019application, transf\u00e9rables \u00e0 l\u2019\u00e9chelle internationale.\r\n\r\n<b>Pour soutenir des syst\u00e8mes de gouvernance durables de la culture<\/b>, la singularit\u00e9 et l\u2019approche globale de l'ing\u00e9nierie culturelle lui permettent de concevoir des politiques et dispositifs publics prospectifs et de d\u00e9veloppement \u00e0 la fois en termes strat\u00e9giques, \u00e9thiques, fonctionnels et op\u00e9rationnels. Afin d'anticiper les nouvelles transformations soci\u00e9tales, <b>elle dessinera une \"troisi\u00e8me voie\"\u00a0transversale et \u00e9tay\u00e9e par le socle des droits culturels et du d\u00e9veloppement humain.<\/b>\r\n\r\nL\u2019ing\u00e9nierie culturelle est ainsi en capacit\u00e9 de mettre en place \u00ab\u00a0<i>la coll\u00e9gialit\u00e9 et des m\u00e9canismes d\u00e9cisionnels non bureaucratiques et participatifs, ainsi qu'un syst\u00e8me de gestion autour des connaissances, de la transparence et des comp\u00e9tences\u00a0pour conduire \u00e0 des organisations culturelles fonctionnant de mani\u00e8re efficace, experte, ind\u00e9pendante et transparente <\/i>\u00bb .\u00a0Elle accompagnera de mani\u00e8re agile l\u2019\u00e9volution de fili\u00e8res cr\u00e9atives polymorphes ainsi que la vie de leurs acteurs, au service du bien commun.\r\n\r\n<b>Pour parvenir \u00e0 un \u00e9change \u00e9quilibr\u00e9 de biens et services culturels et accro\u00eetre la mobilit\u00e9 des artistes et des professionnels de la culture, <\/b>l\u2019int\u00e9gration des enjeux de politique publique par l\u2018ing\u00e9nierie culturelle permettra le partage d'une vision globale des \u00e9cosyst\u00e8mes fonctionnant en inter-d\u00e9pendance.<span class=\"Apple-converted-space\">\u00a0<\/span>\r\n\r\nBas\u00e9e sur une \u00e9thique de la dignit\u00e9, en s\u2019appuyant sur les mod\u00e8les coop\u00e9ratifs qui garantissent la primaut\u00e9 des valeurs d\u2019int\u00e9r\u00eat g\u00e9n\u00e9ral, de d\u00e9mocratie, de non-lucrativit\u00e9 dans une nouvelle logique entrepreneuriale, l\u2019ing\u00e9nierie culturelle peut cr\u00e9er des outils ad hoc pour aider les fili\u00e8res \u00e0 se structurer et \u00ab\u00a0<i>concilier une \u00e9conomie frugale avec des objectifs de coh\u00e9sion sociale, de collaboration, de participation et donc de solidarit\u00e9<span class=\"Apple-converted-space\">\u00a0 <\/span><\/i>\u00bb, y compris internationales.\r\n\r\nEn favorisant la <b>cr\u00e9ation d\u2019un \u00ab\u00a0<i>supergorganisme<\/i> \u00bb culturel de dimension mondiale<\/b>, laissant place \u00e0 l'ouverture et \u00e0 la transformation par les autres sans d\u00e9fiance, l\u2018ing\u00e9nierie culturelle fera en sorte que la r\u00e9union des entit\u00e9s en pr\u00e9sence puisse \u00ab<i>\u00a0donner plus que la somme de leurs \u00e9go, si remarquables soient-ils\u00a0<\/i>\u00bb. Il s\u2019agira de travailler \u00e0 \u00ab\u00a0<i>l\u2019architecture de l\u2019entraide<\/i>\u00a0\u00bb, qui doit prendre en compte les diff\u00e9rents niveaux d\u2019organisation, \u00ab <i>peut se d\u00e9ployer \u00e0 tr\u00e8s grande \u00e9chelle mais reste souple\u00a0<\/i>\u00bb. \u00ab\u00a0<i>Elle ressemble a des poup\u00e9es russes o\u00f9 chaque poup\u00e9e sup\u00e9rieure est plus complexe, et o\u00f9 les diff\u00e9rentes tailles de poup\u00e9es peuvent coop\u00e9rer entre elles. L\u2019ensemble de ces poup\u00e9es forme un r\u00e9seau de r\u00e9seaux multicolores en perp\u00e9tuelle \u00e9volution.\u00a0<\/i>\u00bb<span class=\"Apple-converted-space\">\u00a0<\/span>\r\n\r\n<b>Pour int\u00e9grer la culture dans les cadres de d\u00e9veloppement durable<\/b>, l\u2019ing\u00e9nierie culturelle aura recours \u00e0 des politiques publiques \u00e9clair\u00e9es et transversales et \u00e0 la mobilisation des soci\u00e9t\u00e9s civiles, en particulier autour des dispositifs et outils de l'ESS. Elle veillera en outre \u00e0 ce que la culture int\u00e8gre pleinement les cadres du d\u00e9veloppement durable, aussi bien au niveau strat\u00e9gique que dans ses pratiques.\r\n\r\n<b>Pour promouvoir les droits de l'homme et les libert\u00e9s fondamentales<\/b>, le r\u00e9f\u00e9rentiel des droits culturels sera le socle de reconnaissance et d'\u00e9mancipation d\u00e9fendu et promu par l\u2018ing\u00e9nierie culturelle au profit d\u2019une soci\u00e9t\u00e9 de la connaissance, humaniste.\r\n\r\nCes quatre objectifs de l\u2018UNESCO constituent les piliers \u00e9thiques et d\u00e9mocratiques de la \"culture mondiale\", que l\u2019ing\u00e9nierie culturelle permettra de relier et de mobiliser les moyens de mise en oeuvre internationale, tant aux niveaux politique et institutionnel que fonctionnels et op\u00e9rationnels.\t\t\t\t\t\t <\/div>\r\n\t\t\t\t\t\t\t\t\t\t\t\t <div role=\"tabpanel\" class=\"tab-pane \" id=\"tabs_desc_272_2\">\r\n\t\t\t\t\t\t\t\tPourtant, cette expertise sp\u00e9cifique que repr\u00e9sente l\u2018ing\u00e9nierie culturelle est le fruit d\u2019une histoire et d'un mod\u00e8le fran\u00e7ais unique au monde. C\u2019est la complexit\u00e9 du tissu culturel et cr\u00e9atif fran\u00e7ais qui a pr\u00e9sid\u00e9 et n\u00e9cessit\u00e9 le d\u00e9veloppement de cette approche singuli\u00e8re d\u2019\u00e9tude, d\u2019analyse et de mise en oeuvre strat\u00e9gique des \u00e9cosyst\u00e8mes culturels sous leurs aspects socio-politiques, environnementaux, techniques, \u00e9conomiques et financiers. La place centrale qu\u2019occupe (encore) la politique culturelle y joue un r\u00f4le essentiel, aux c\u00f4t\u00e9s de pays qui ont laiss\u00e9 un pan de leurs \u00e9tats \u00e0 la seule r\u00e9gulation du march\u00e9. En effet, malgr\u00e9 ses d\u00e9fauts et sa difficult\u00e9 de r\u00e9invention, la vision strat\u00e9gique qu\u2019induit la politique l\u00e9gitime le d\u00e9bat public et interroge le sens de son action, quand l\u2019industrie limite ses perspectives \u00e0 la recherche de march\u00e9s et \u00e0 la s\u00e9duction de nouveaux consommateurs.<span class=\"Apple-converted-space\">\u00a0<\/span>\r\n\r\nDans le monde entier, la France est ainsi consid\u00e9r\u00e9e comme un lieu d\u2019exception et une r\u00e9f\u00e9rence en mati\u00e8re culturelle. L\u2018ing\u00e9nierie du m\u00eame nom b\u00e9n\u00e9ficie de ce terreau pour tisser des liens entre une multitude d\u2019acteurs, de m\u00e9thodes, de processus et de projets culturels, dans une d\u00e9marche compl\u00e9mentaire et inter-d\u00e9pendante, n\u00e9cessaire tant aux enjeux cr\u00e9atifs, de production, d\u2019infrastructures, d\u2019organisation, que politiques.\r\n\r\nPour comprendre, ma\u00eetriser et mettre en coh\u00e9rence la conception, les fonctionnements et les processus \u00e0 l'oeuvre autour des formes et des objets culturels - dont la complexit\u00e9 ne permet pas un pilotage simple - dans le monde, la France a donc une mission de partage et de transfert de son ing\u00e9nierie en la mati\u00e8re, afin accompagner - de mani\u00e8re structurelle<span class=\"Apple-converted-space\">\u00a0 <\/span>- le d\u00e9veloppement de ses partenaires et plus largement d'une vision universelle de la culture.\r\n\r\nCependant, il ne s'agit pas de reproduire un mod\u00e8le n\u00e9o-colonialiste qui tendrait \u00e0 imposer notre vision, mais bien de co-construire des diagnostics et des propositions adapt\u00e9es aux besoins des partenaires internationaux. Il faut avant tout \u00e9tayer des d\u00e9marches int\u00e9gr\u00e9es dans les r\u00e9alit\u00e9s socio-culturelles et \u00e9conomiques des diff\u00e9rents territoires. <b>L\u2019ing\u00e9nierie culturelle mobilisera alors son approche syst\u00e9mique au service d'une m\u00e9thode globale interactive et partag\u00e9e<\/b>.\r\n\r\nCette rencontre inter-culturelle implique de \u00ab <i>rendre compte du caract\u00e8re complexe, ambivalent et paradoxal du changement psychoculturel<\/i>\u00a0\u00bb , qui d\u00e9passe la logique de l\u2019acculturation<span class=\"Apple-converted-space\">\u00a0 <\/span>pour rejoindre ce que Zohra GUERRAOUI appelle <b>\u00ab\u00a0<i>l\u2019interculturation<\/i>\u00a0\u00bb : qui engage les partenaires de la relation dans une d\u00e9finition de soi et de l'autre, en red\u00e9finissant \u00e0 la fois les crit\u00e8res des appartenances respectives et communes<\/b>. Il s'agit donc d\u2019un processus d\u2019enrichissement mutuel, de d\u00e9veloppement des \u00ab\u00a0capabilit\u00e9s\u00a0\u00bb , qui s'inscrit pleinement dans le r\u00e9f\u00e9rentiel des droits culturels et doit servir de base au rayonnement international de l\u2018ing\u00e9nierie culturelle fran\u00e7aise. Celle-ci s\u2019alimentera aussi des exp\u00e9riences partag\u00e9es, dans une perspective d'am\u00e9lioration continue, qui est coh\u00e9rente avec ses objectifs.\r\n\r\nTout projet de transfert d\u2019ing\u00e9nierie culturelle devra s\u2019inscrire dans ce cadre d\u2019interculturation et donc \u00e9maner en premier lieu d\u2019une demande manifeste d\u2019un pays ou d\u2019une institution partenaire, construite en concertation avec l\u2019ensemble de ses parties prenantes.\t\t\t\t\t\t <\/div>\r\n\t\t\t\t\t\t\t\r\n\t\t\t\t\t <\/div>\r\n\t\t\t\t\t \r\n\t\t\t\t <\/div>\r\n <script>\r\n\t\tjQuery(function () {\r\n\t\t\tjQuery('#myTab_272 a:first').tab('show')\r\n\t\t});\r\n\t\t\r\n\t\t\t\tjQuery(function(){\r\n\t\t\tvar b=\"fadeIn\";\r\n\t\t\tvar c;\r\n\t\t\tvar a;\r\n\t\t\td(jQuery(\"#myTab_272 a\"),jQuery(\"#tab-content_272\"));function d(e,f,g){\r\n\t\t\t\te.click(function(i){\r\n\t\t\t\t\ti.preventDefault();\r\n\t\t\t\t\tjQuery(this).tab(\"show\");\r\n\t\t\t\t\tvar h=jQuery(this).data(\"easein\");\r\n\t\t\t\t\tif(c){c.removeClass(a);}\r\n\t\t\t\t\tif(h){f.find(\"div.active\").addClass(\"animated \"+h);a=h;}\r\n\t\t\t\t\telse{if(g){f.find(\"div.active\").addClass(\"animated \"+g);a=g;}else{f.find(\"div.active\").addClass(\"animated \"+b);a=b;}}c=f.find(\"div.active\");\r\n\t\t\t\t});\r\n\t\t\t}\r\n\t\t});\r\n\t\t\r\n\r\n\t\tfunction do_resize(){\r\n\r\n\t\t\tvar width=jQuery( '.tab-content .tab-pane iframe' ).width();\r\n\t\t\tvar height=jQuery( '.tab-content .tab-pane iframe' ).height();\r\n\r\n\t\t\tvar toggleSize = true;\r\n\t\t\tjQuery('iframe').animate({\r\n\t\t\t    width: toggleSize ? width : 640,\r\n\t\t\t    height: toggleSize ? height : 360\r\n\t\t\t  }, 250);\r\n\r\n\t\t\t  toggleSize = !toggleSize;\r\n\t\t}\r\n\r\n\r\n\t<\/script>\r\n\t\t\t\t\r\n\t\t\t\n","protected":false},"excerpt":{"rendered":"","protected":false},"author":1,"featured_media":0,"parent":0,"menu_order":0,"comment_status":"closed","ping_status":"closed","template":"","meta":{"advanced_seo_description":"","spay_email":""},"jetpack_sharing_enabled":true,"_links":{"self":[{"href":"https:\/\/quantumculture.art\/index.php?rest_route=\/wp\/v2\/pages\/326"}],"collection":[{"href":"https:\/\/quantumculture.art\/index.php?rest_route=\/wp\/v2\/pages"}],"about":[{"href":"https:\/\/quantumculture.art\/index.php?rest_route=\/wp\/v2\/types\/page"}],"author":[{"embeddable":true,"href":"https:\/\/quantumculture.art\/index.php?rest_route=\/wp\/v2\/users\/1"}],"replies":[{"embeddable":true,"href":"https:\/\/quantumculture.art\/index.php?rest_route=%2Fwp%2Fv2%2Fcomments&post=326"}],"version-history":[{"count":1,"href":"https:\/\/quantumculture.art\/index.php?rest_route=\/wp\/v2\/pages\/326\/revisions"}],"predecessor-version":[{"id":327,"href":"https:\/\/quantumculture.art\/index.php?rest_route=\/wp\/v2\/pages\/326\/revisions\/327"}],"wp:attachment":[{"href":"https:\/\/quantumculture.art\/index.php?rest_route=%2Fwp%2Fv2%2Fmedia&parent=326"}],"curies":[{"name":"wp","href":"https:\/\/api.w.org\/{rel}","templated":true}]}}