{"id":328,"date":"2021-11-22T21:07:07","date_gmt":"2021-11-22T20:07:07","guid":{"rendered":"https:\/\/quantumculture.art\/?page_id=328"},"modified":"2021-11-22T21:07:07","modified_gmt":"2021-11-22T20:07:07","slug":"soft-power-diplomatie-dinfluence-et-cooperation-durable","status":"publish","type":"page","link":"https:\/\/quantumculture.art\/?page_id=328","title":{"rendered":"Soft power, diplomatie d\u2019influence et coop\u00e9ration durable"},"content":{"rendered":"\n\t\t\t\t\t\t\t<h3 style=\"margin-bottom:20px ;display:block;width:100%;margin-top:10px\">Soft Power, diplomatie d&#8217;influence et coop\u00e9ration durable <\/h3>\r\n\t\t\t\t\t\t\t\t<style>\r\n\t\t\t\t\r\n\t\t\t\t\t#tab_container_273 {\r\n\toverflow:hidden;\r\n\tdisplay:block;\r\n\twidth:100%;\r\n\tborder:0px solid #ddd;\r\n\tmargin-bottom:30px;\r\n\t}\r\n\r\n#tab_container_273 .tab-content{\r\n\tpadding:20px;\r\n\tborder: 1px solid #e6e6e6 !important;\r\n\tmargin-top: 0px;\r\n\tbackground-color:#ffffff !important;\r\n\tcolor: #000000 !important;\r\n\tfont-size:16px !important;\r\n\tfont-family: Open Sans !important;\r\n\t\r\n\t\tborder: 1px solid #e6e6e6 !important;\r\n\t}\r\n#tab_container_273 .wpsm_nav-tabs {\r\n    border-bottom: 0px solid #ddd;\r\n}\r\n#tab_container_273 .wpsm_nav-tabs > li.active > a, #tab_container_273 .wpsm_nav-tabs > li.active > a:hover, #tab_container_273 .wpsm_nav-tabs > li.active > a:focus {\r\n\tcolor: #000000 !important;\r\n\tcursor: default;\r\n\tbackground-color: #ffffff !important;\r\n\tborder: 1px solid #e6e6e6 !important;\r\n}\r\n\r\n#tab_container_273 .wpsm_nav-tabs > li > a {\r\n    margin-right: 0px !important; \r\n    line-height: 1.42857143 !important;\r\n    border: 1px solid #d5d5d5 !important;\r\n    border-radius: 0px 0px 0 0 !important; \r\n\tbackground-color: #e8e8e8 !important;\r\n\tcolor: #000000 !important;\r\n\tpadding: 15px 18px 15px 18px !important;\r\n\ttext-decoration: none !important;\r\n\tfont-size: 14px !important;\r\n\ttext-align:center !important;\r\n\tfont-family: Open Sans !important;\r\n}\r\n#tab_container_273 .wpsm_nav-tabs > li > a:focus {\r\noutline: 0px !important;\r\n}\r\n\r\n#tab_container_273 .wpsm_nav-tabs > li > a:before {\r\n\tdisplay:none !important;\r\n}\r\n#tab_container_273 .wpsm_nav-tabs > li > a:after {\r\n\tdisplay:none !important ;\r\n}\r\n#tab_container_273 .wpsm_nav-tabs > li{\r\npadding:0px !important ;\r\nmargin:0px;\r\n}\r\n\r\n#tab_container_273 .wpsm_nav-tabs > li > a:hover , #tab_container_273 .wpsm_nav-tabs > li > a:focus {\r\n    color: #000000 !important;\r\n    background-color: #e8e8e8 !important;\r\n\tborder: 1px solid #d5d5d5 !important;\r\n\t\r\n}\r\n#tab_container_273 .wpsm_nav-tabs > li > a .fa{\r\n\r\nmargin-right:5px !important;\r\n\r\nmargin-left:5px !important;\r\n\r\n\r\n}\r\n\r\n\t\t#tab_container_273 .wpsm_nav-tabs a{\r\n\t\t\tbackground-image: none;\r\n\t\t\tbackground-position: 0 0;\r\n\t\t\tbackground-repeat: repeat-x;\r\n\t\t}\r\n\t\t\t\r\n\r\n\r\n#tab_container_273 .wpsm_nav-tabs > li {\r\n    float: left;\r\n    margin-bottom: -1px !important;\r\n\tmargin-right:0px !important; \r\n}\r\n\r\n\r\n#tab_container_273 .tab-content{\r\noverflow:hidden !important;\r\n}\r\n\r\n\r\n@media (min-width: 769px) {\r\n\r\n\t#tab_container_273 .wpsm_nav-tabs > li{\r\n\t\tfloat:left !important ;\r\n\t\t\t\tmargin-right:-1px !important;\r\n\t\t\t\t\t}\r\n\t#tab_container_273 .wpsm_nav-tabs{\r\n\t\tfloat:none !important;\r\n\t\tmargin:0px !important;\r\n\t}\r\n\r\n\t#tab_container_273 .wpsm_nav-tabs > li {\r\n\t\t\t\t\r\n\t}\r\n\t#tab_container_273 .wpsm_nav{\r\n\t\t\t}\r\n\r\n}\r\n\r\n\r\n\r\n@media (max-width: 768px) {\r\n\t#tab_container_273 .wpsm_nav-tabs > li {\r\n\t\t\t\t\r\n\t}\r\n\t#tab_container_273 .wpsm_nav{\r\n\t\t\t}\r\n}\r\n\r\n\r\n\t.wpsm_nav-tabs li:before{\r\n\t\tdisplay:none !important;\r\n\t}\r\n\r\n\t@media (max-width: 768px) {\r\n\t\t\t\t\r\n\t\t\t\t.wpsm_nav-tabs{\r\n\t\t\tmargin-left:0px !important;\r\n\t\t\tmargin-right:0px !important; \r\n\t\t\t\r\n\t\t}\r\n\t\t\t\t#tab_container_273 .wpsm_nav-tabs > li{\r\n\t\t\tfloat:none !important;\r\n\t\t}\r\n\t\t\t\r\n\t}\t\t\t\t<\/style>\r\n\t\t\t\t<div id=\"tab_container_273\" >\r\n\t \r\n\t\t\t\t\t<ul class=\"wpsm_nav wpsm_nav-tabs\" role=\"tablist\" id=\"myTab_273\">\r\n\t\t\t\t\t\t\t\r\n\t\t\t\t\t\t\t<li role=\"presentation\"  class=\"active\"  onclick=\"do_resize()\">\r\n\t\t\t\t\t\t\t\t<a href=\"#tabs_desc_273_1\" aria-controls=\"tabs_desc_273_1\" role=\"tab\" data-toggle=\"tab\">\r\n\t\t\t\t\t\t\t\t\t\r\n\t\t\t\t\t\t\t\t\t\t\t\t\t\t\t\t\t\t\t\t\t\t\t\t\t\t\t\t\t\t\t\t\t\t\t\t\t<i class=\"fa fa-laptop\"><\/i> \t\t\t\t\t\t\t\t\t\t\t\t\t\t\t\t\t\t\t\t\t\t\t\r\n\t\t\t\t\t\t\t\t\t\t\t\t\t\t\t\t\t\t\t\t\t\t\r\n\t\t\t\t\t\t\t\t\t\t\t<span>1. Le concept de Soft Power<\/span>\r\n\t\t\t\t\t\t\t\t\t\t\t\r\n\t\t\t\t\t\t\t\t\t\t\t\t\t\t\t\t\t\t\t\t\t\t\r\n\t\t\t\t\t\t\t\t\t\t\t\t\t\t\t\t\t\t\t\t\r\n\t\t\t\t\t\t\t\t\t\t\r\n\t\t\t\t\t\t\t\t\t\r\n\t\t\t\t\t\t\t\t<\/a>\r\n\t\t\t\t\t\t\t<\/li>\r\n\t\t\t\t\t\t\t\r\n\t\t\t\t\t\t\t<li role=\"presentation\"  onclick=\"do_resize()\">\r\n\t\t\t\t\t\t\t\t<a href=\"#tabs_desc_273_2\" aria-controls=\"tabs_desc_273_2\" role=\"tab\" data-toggle=\"tab\">\r\n\t\t\t\t\t\t\t\t\t\r\n\t\t\t\t\t\t\t\t\t\t\t\t\t\t\t\t\t\t\t\t\t\t\t\t\t\t\t\t\t\t\t\t\t\t\t\t\t<i class=\"fa fa-laptop\"><\/i> \t\t\t\t\t\t\t\t\t\t\t\t\t\t\t\t\t\t\t\t\t\t\t\r\n\t\t\t\t\t\t\t\t\t\t\t\t\t\t\t\t\t\t\t\t\t\t\r\n\t\t\t\t\t\t\t\t\t\t\t<span>2. Les ressorts de la diplomatie d\u2019influence<\/span>\r\n\t\t\t\t\t\t\t\t\t\t\t\r\n\t\t\t\t\t\t\t\t\t\t\t\t\t\t\t\t\t\t\t\t\t\t\r\n\t\t\t\t\t\t\t\t\t\t\t\t\t\t\t\t\t\t\t\t\r\n\t\t\t\t\t\t\t\t\t\t\r\n\t\t\t\t\t\t\t\t\t\r\n\t\t\t\t\t\t\t\t<\/a>\r\n\t\t\t\t\t\t\t<\/li>\r\n\t\t\t\t\t\t\t\r\n\t\t\t\t\t\t\t<li role=\"presentation\"  onclick=\"do_resize()\">\r\n\t\t\t\t\t\t\t\t<a href=\"#tabs_desc_273_3\" aria-controls=\"tabs_desc_273_3\" role=\"tab\" data-toggle=\"tab\">\r\n\t\t\t\t\t\t\t\t\t\r\n\t\t\t\t\t\t\t\t\t\t\t\t\t\t\t\t\t\t\t\t\t\t\t\t\t\t\t\t\t\t\t\t\t\t\t\t\t<i class=\"fa fa-laptop\"><\/i> \t\t\t\t\t\t\t\t\t\t\t\t\t\t\t\t\t\t\t\t\t\t\t\r\n\t\t\t\t\t\t\t\t\t\t\t\t\t\t\t\t\t\t\t\t\t\t\r\n\t\t\t\t\t\t\t\t\t\t\t<span>3. Vers une coop\u00e9ration durable<\/span>\r\n\t\t\t\t\t\t\t\t\t\t\t\r\n\t\t\t\t\t\t\t\t\t\t\t\t\t\t\t\t\t\t\t\t\t\t\r\n\t\t\t\t\t\t\t\t\t\t\t\t\t\t\t\t\t\t\t\t\r\n\t\t\t\t\t\t\t\t\t\t\r\n\t\t\t\t\t\t\t\t\t\r\n\t\t\t\t\t\t\t\t<\/a>\r\n\t\t\t\t\t\t\t<\/li>\r\n\t\t\t\t\t\t\t\t\t\t\t <\/ul>\r\n\r\n\t\t\t\t\t  <!-- Tab panes -->\r\n\t\t\t\t\t  <div class=\"tab-content\" id=\"tab-content_273\">\r\n\t\t\t\t\t\t\t\t\t\t\t\t <div role=\"tabpanel\" class=\"tab-pane  in active \" id=\"tabs_desc_273_1\">\r\n\t\t\t\t\t\t\t\tOriginaire de Grande-Bretagne et des Etats-Unis, le concept de soft power qualifie une nouvelle forme de <b>pouvoir de persuasion dans la vie politique internationale contemporaine<\/b>. Il s\u2019agit de la capacit\u00e9 d'un acteur politique (\u00c9tat, entreprise multinationale, ONG, institution internationale, r\u00e9seau) d'influencer indirectement un autre acteur \u00e0 travers des moyens non coercitifs, dont la culture fait partie (aux-cot\u00e9s de moyens structurels ou id\u00e9ologiques).\r\n\r\nL\u2019\u00e9tude de 2018 \u00ab\u00a0The Soft Power 30\u00a0\u00bb constitue un cadre (et un classement) actualis\u00e9 des perspectives et initiatives en cours dans le monde. \u00ab\u00a0<i>Nous cherchons \u00e0 ramener la discussion sur le soft power \u00e0 ses racines conceptuelles et \u00e0 sa d\u00e9finition comme une approche critique de politique \u00e9trang\u00e8re utilis\u00e9e pour aligner les valeurs, les normes, les objectifs et, en fin de compte, les comportements par l'attraction et la persuasion. La capacit\u00e9 de faire exactement cela en cette p\u00e9riode d'incertitude g\u00e9opolitique sera cruciale pour les pays qui sont d\u00e9termin\u00e9s \u00e0 fa\u00e7onner l'avenir des affaires mondiales.<\/i>\u00a0\u00bb<span class=\"Apple-converted-space\">\u00a0<\/span>\r\n\r\nLe soft power a donc pour vocation \"d\u2019alignement\" entre les nations et use de \"l'attraction\" et de la \"persuasion\", pour \"fa\u00e7onner l\u2019avenir\" du monde\u2026 Nous sommes dans une vision \"top-down\" \u00e0 l\u2019\u00e9chelle du globe, l\u00e9gitimant des dominants et des domin\u00e9s de la comp\u00e9tition internationale au sein du march\u00e9 mondial.\r\n\r\nIl est ainsi ais\u00e9 de comprendre pourquoi des agences internationales d\u2019expertise culturelle (essentiellement anglo-saxonnes et op\u00e9rant dans les domaines du patrimoine et des mus\u00e9es) ont fait du soft power leur guide, afin de <b>promouvoir l\u2019export de produits, de biens et d'infrastructures culturels<\/b>. Sous couvert de belles intentions et de quelques op\u00e9rations de communication et de m\u00e9diation, il s\u2019agit en fait d\u2019appliquer aux objets culturels m\u00e9thodes et processus du n\u00e9o-liberalisme \u00e9conomique, dans des \"\u00e9changes unilat\u00e9raux\". <b>Le concept de soft power ne s\u2019inscrit en aucun cas dans une logique globale d\u2019int\u00e9r\u00eat g\u00e9n\u00e9ral, ni de reconnaissance des droits culturels ou d\u2019engagement en faveur d\u2019une soci\u00e9t\u00e9 de la connaissance \u00e9mancipatrice<\/b>.\r\n\r\nLa France ayant la singularit\u00e9 d\u2019avoir inscrit les droits culturels dans deux lois (NOTRe et LCAP ), qu\u2019en est-il de la diplomatie d\u2019influence port\u00e9e par le Minist\u00e8re de l\u2019Europe et des Affaires Etrang\u00e8res ?\t\t\t\t\t\t <\/div>\r\n\t\t\t\t\t\t\t\t\t\t\t\t <div role=\"tabpanel\" class=\"tab-pane \" id=\"tabs_desc_273_2\">\r\n\t\t\t\t\t\t\t\tLe MEAE repr\u00e9sente le second r\u00e9seau diplomatique au monde (apr\u00e8s les Etats-Unis), avec 162 ambassades et 91 consulats g\u00e9n\u00e9raux et consulats, qui sont au service des relations bilat\u00e9rales de la France. Aux-cot\u00e9s de la diplomatie politique et de la diplomatie \u00e9conomique, la diplomatie d\u2019influence, via les services de coop\u00e9ration et d\u2019action culturelle, a pour mission de promouvoir la culture fran\u00e7aise et la francophonie, de contribuer au d\u00e9veloppement et de favoriser les coop\u00e9rations culturelles, scientifiques, techniques et universitaires. Outre ses missions traditionnelles, le r\u00e9seau culturel fran\u00e7ais \u00e0 l\u2018\u00e9tranger a d\u00e9velopp\u00e9 son champ d\u2019action pour r\u00e9pondre \u00e0 de nouveaux imp\u00e9ratifs, tels que le d\u00e9bat d\u2019id\u00e9es, la promotion des \u00e9tudes en France, les migrations internationales ou le num\u00e9rique. Il int\u00e8gre aussi des missions li\u00e9es \u00e0 l\u2019\u00e9largissement du p\u00e9rim\u00e8tre d\u2019intervention du minist\u00e8re\u00a0dont la promotion du tourisme, et l'attractivit\u00e9 des territoires.\r\n\r\nPont entre diplomatie \u00e9conomique et diplomatie d\u2019influence, la politique de d\u00e9veloppement de la France s\u2019inscrit dans le cadre international du nouvel Agenda 2030 qui associe lutte contre la pauvret\u00e9 et d\u00e9veloppement durable dans ses trois composantes\u00a0: \u00e9conomique, sociale et environnementale. Elle s\u2019est en particulier engag\u00e9e en faveur de la red\u00e9finition d\u2019un cadre mondial pour le d\u00e9veloppement durable avec l\u2019adoption des 17 Objectifs de D\u00e9veloppement Durable vus pr\u00e9c\u00e9demment.\r\n\r\nDans cette perspective, le Comit\u00e9 interminist\u00e9riel de la Coop\u00e9ration international et du d\u00e9veloppement du 30 novembre 2016 a pris la d\u00e9cision de \u00ab\u00a0<i>faire de la culture un vecteur de la r\u00e9alisation des ODD. <\/i><b><i>La France d\u00e9fend le r\u00f4le transversal de la culture dans la r\u00e9alisation des ODD et continuera de la placer au coeur de sa politique de d\u00e9veloppement, en faveur notamment de la coh\u00e9sion sociale et de la construction d\u2019un Etat de droit.<\/i><\/b><i> Reconnaissant le caract\u00e8re strat\u00e9gique des fili\u00e8res culturelles et cr\u00e9atives pour le d\u00e9veloppement durable, le gouvernement s\u2019engage dans l\u2019appui technique et juridique visant \u00e0 la mise en place de cadres r\u00e9glementaires et de structures adapt\u00e9es \u00e0 une gestion efficace des droits d\u2019auteur dans les pays en d\u00e9veloppement pour permettre une juste r\u00e9mun\u00e9ration des artistes et le financement de la cr\u00e9ation \u00e0 travers un soutien aux jeunes artistes. Prot\u00e9ger l\u2019innovation et la cr\u00e9ation renforce les industries, notamment culturelles et cr\u00e9atives, et encourage la croissance \u00e9conomique et le d\u00e9veloppement. Ainsi, l\u2019AFD<span class=\"Apple-converted-space\">\u00a0 <\/span>\u00e9tudiera la possibilit\u00e9 de d\u00e9velopper une offre de financement pour soutenir les industries culturelles et cr\u00e9atives dans les pays en d\u00e9veloppement, notamment en Afrique <\/i>\u00bb.\r\n\r\nReconna\u00eetre le \"r\u00f4le transversal de la culture\" et la l\u00e9gitimer \"en faveur de la coh\u00e9sion sociale et de l\u2019Etat de droit\", rejoint les enjeux d\u2019ing\u00e9nierie culturelle que nous avons pos\u00e9s et donne des perspectives encourageantes pour que la culture soit effectivement le \"vecteur de la r\u00e9alisation des ODD\" (au moins directement pour neuf d\u2019entre eux, comme nous l'avons d\u00e9montr\u00e9). En revanche, le cadre est vite r\u00e9duit aux questions de \"droits d\u2019auteurs\", au soutien \u00e0 la \"cr\u00e9ation\" et \u00e0 celui plus globalement des \"industries culturelles et cr\u00e9atives\", \u00e9l\u00e9ments certes importants des \u00e9cosyst\u00e8mes cr\u00e9atifs, mais non-exclusifs.\r\n\r\nEn janvier 2018, l\u2019AFD a ainsi publi\u00e9 son \u00ab\u00a0Etude strat\u00e9gique sur le secteur des industries culturelles et cr\u00e9atives\u00a0\u00bb , <b>approche disciplinaire qui concerne les arts visuels, la photographie, l\u2019architecture, le tourisme culturel, les jeux vid\u00e9os, l'\u00e9dition (livres, journaux et magazines) et la production de contenu cr\u00e9atif pour l\u2019industrie num\u00e9rique, en pr\u00e9cisant que \u00ab\u00a0<i>le soutien de l\u2019AFD \u00e0 un ou plusieurs secteurs des ICC doit imp\u00e9rativement participer \u00e0 la constitution d\u2019une trajectoire de d\u00e9veloppement durable pour le pays<\/i>\u00a0\u00bb<\/b>. Une d\u00e9claration d\u2019intention relativement sibylline, tant elle ne donne pas d\u2019outils d\u2019appr\u00e9ciation (et d\u2019\u00e9valuation), hormis des donn\u00e9es chiffr\u00e9es en terme de potentiel de croissance \u00e0 l\u2019export et quant \u00e0 l'acc\u00e9l\u00e9ration des usages des ICC. Sous une forme plus responsable, la tentation est donc grande de revenir aux fondamentaux de soutien \u00e0 la production et \u00e0 la diffusion de biens et produits culturels, selon les canons de dispositifs existants.\r\n\r\nEn terme budg\u00e9taire, l'int\u00e9gration de la culture dans le portefeuille de l\u2019AFD s\u2019effectue \u00e0 financement constant. Celle-ci a donc identifi\u00e9 les co-financements mobilisables, via les bailleurs de fonds internationaux et les acteurs institutionnels se positionnant progressivement sur le secteur cr\u00e9atif. Si peu d\u2019entre eux ont fait des ICC un secteur d\u2019intervention prioritaire, en dehors de l'UNESCO et de l\u2019OIF , l\u2019Union Europ\u00e9enne, les institutions des Nations Unies, la Banque mondiale, et certains organismes nationaux pour le d\u00e9veloppement, font n\u00e9anmoins partie des organisations multilat\u00e9rales mobilisables.\r\n\r\nPour les acteurs internationaux, les patrimoines urbain et naturel sont les secteurs les plus aid\u00e9s, souvent li\u00e9s aux opportunit\u00e9s de tourisme culturel. Les secteurs moins b\u00e9n\u00e9ficiaires d\u2019aides internationales sont le spectacle vivant, la musique et le cin\u00e9ma (malgr\u00e9 de nombreux projets propos\u00e9s) ainsi que la presse et l\u2019\u00e9dition. Les droits d\u2019auteur font l\u2019objet de peu de propositions.\r\n\r\nEn parall\u00e8le de cet \u00e9tat des lieux, <b>il appartient \u00e9galement \u00e0 l\u2019AFD de construire cette nouvelle comp\u00e9tence culturelle \u00e0 l'international<\/b>, en particulier en subsidiarit\u00e9 avec le dispositif de coop\u00e9ration culturelle et la sous-direction des affaires europ\u00e9ennes et internationales du Minist\u00e8re de la culture. Elle pourra aussi sans doute s\u2019appuyer sur Expertise France, l'agence fran\u00e7aise de coop\u00e9ration technique internationale, ax\u00e9e sur le transfert de savoir-faire par des m\u00e9thodes de travail, des normes juridiques et techniques, dont le p\u00e9rim\u00e8tre devrait s\u2019\u00e9largir en cons\u00e9quence.<span class=\"Apple-converted-space\">\u00a0<\/span>\r\n\r\nPourtant, en dehors de l'outil d\u2019analyse et de m\u00e9thodologie propos\u00e9 par le rapport tr\u00e8s complet de Jean MUSITELLI et Esther de MOUSTIER<span class=\"Apple-converted-space\">\u00a0 <\/span>sur l\u2019exportation du savoir-faire patrimonial , il existe peu de ressources disponibles pour penser et construire cette nouvelle strat\u00e9gie d\u2019influence de la France. N\u00e9anmoins, la Proposition num\u00e9ro 3 du rapport qui consiste \u00e0 \u00ab\u00a0<i>assurer la coh\u00e9sion de l\u2019\u00e9cosyst\u00e8me interminist\u00e9riel afin que la politique de valorisation du savoir-faire (patrimonial) fran\u00e7ais impuls\u00e9e par le Minist\u00e8re de la culture, soit partag\u00e9e et soutenue par les autres minist\u00e8res \u00e0 raison de leur comp\u00e9tence propre, notamment par le Minist\u00e8re des affaires \u00e9trang\u00e8res\u00a0<\/i>\u00bb - auquel nous ajouterons celui de la transition \u00e9cologique et solidaire et celui de l\u2018\u00e9conomie et des finances sur son axe de d\u00e9veloppement - semble un pr\u00e9-requis indispensable \u00e0 toute action de coop\u00e9ration globalis\u00e9e.\t\t\t\t\t\t <\/div>\r\n\t\t\t\t\t\t\t\t\t\t\t\t <div role=\"tabpanel\" class=\"tab-pane \" id=\"tabs_desc_273_3\">\r\n\t\t\t\t\t\t\t\tQuel que soit le choix d\u2019organisation qui pr\u00e9sidera \u00e0 cette nouvelle perspective de la diplomatie, il importe d\u00e8s \u00e0 pr\u00e9sent de <b>positionner l\u2018ing\u00e9nierie culturelle fran\u00e7aise comme garant de l\u2019engagement id\u00e9ologique et politique en faveur d'un d\u00e9veloppement humain durable<\/b> - de mani\u00e8re tangible et au-del\u00e0 des simples d\u00e9clarations d\u2019intention - <b>\u00e0 l\u2019\u00e9chelle internationale.<\/b>\r\n\r\n<b>En tant qu'expertise syst\u00e9mique, l\u2019ing\u00e9nierie culturelle permet d\u2019appr\u00e9hender les enjeux culturels et cr\u00e9atifs des diff\u00e9rents territoires dans leur complexit\u00e9, de les structurer et d\u2019y r\u00e9pondre \u00e0 la fois en termes politiques, strat\u00e9giques, fonctionnels et techniques. <\/b>Elle mobilise des m\u00e9thodes et des outils int\u00e9gr\u00e9s pour privil\u00e9gier une approche globale, qui fait d\u00e9faut dans les dispositifs en cours, trop sch\u00e9matis\u00e9s et con\u00e7us en silos. Elle facilite aussi le d\u00e9veloppement d'une vision prospective de la culture au sein des pays tiers, n\u00e9cessaire \u00e0 l\u2019innovation et \u00e0 la transformation des institutions et organisations locales.\r\n\r\nL\u2019ing\u00e9nierie culturelle est en mesure de porter une r\u00e9flexion partag\u00e9e sur l\u2019\u00e9volution des concepts et des pratiques de la fili\u00e8re sur les territoires. Elle peut participer \u00e0 la reconnaissance et \u00e0 la diffusion des apports innovants en mati\u00e8re d\u2019id\u00e9es et de m\u00e9thodes, constituer une banque de ressources prospectives, progressivement d\u00e9velopp\u00e9e et capitalisant les pratiques et processus significatifs sur ses diff\u00e9rents territoires d\u2019exploration, dans une d\u00e9marche proactive.\r\n\r\nEn favorisant la confiance des \u00e9cosyst\u00e8mes au sein des territoires comme vers l\u2019ext\u00e9rieur, en privil\u00e9giant des approches transversales et en stimulant les interactions<span class=\"Apple-converted-space\">\u00a0 <\/span>de long terme entre les parties prenantes, elle est un <b>levier de d\u00e9veloppement en faveur d\u2019une coop\u00e9ration durable.<\/b>\t\t\t\t\t\t <\/div>\r\n\t\t\t\t\t\t\t\r\n\t\t\t\t\t <\/div>\r\n\t\t\t\t\t \r\n\t\t\t\t <\/div>\r\n <script>\r\n\t\tjQuery(function () {\r\n\t\t\tjQuery('#myTab_273 a:first').tab('show')\r\n\t\t});\r\n\t\t\r\n\t\t\t\tjQuery(function(){\r\n\t\t\tvar b=\"fadeIn\";\r\n\t\t\tvar c;\r\n\t\t\tvar a;\r\n\t\t\td(jQuery(\"#myTab_273 a\"),jQuery(\"#tab-content_273\"));function d(e,f,g){\r\n\t\t\t\te.click(function(i){\r\n\t\t\t\t\ti.preventDefault();\r\n\t\t\t\t\tjQuery(this).tab(\"show\");\r\n\t\t\t\t\tvar h=jQuery(this).data(\"easein\");\r\n\t\t\t\t\tif(c){c.removeClass(a);}\r\n\t\t\t\t\tif(h){f.find(\"div.active\").addClass(\"animated \"+h);a=h;}\r\n\t\t\t\t\telse{if(g){f.find(\"div.active\").addClass(\"animated \"+g);a=g;}else{f.find(\"div.active\").addClass(\"animated \"+b);a=b;}}c=f.find(\"div.active\");\r\n\t\t\t\t});\r\n\t\t\t}\r\n\t\t});\r\n\t\t\r\n\r\n\t\tfunction do_resize(){\r\n\r\n\t\t\tvar width=jQuery( '.tab-content .tab-pane iframe' ).width();\r\n\t\t\tvar height=jQuery( '.tab-content .tab-pane iframe' ).height();\r\n\r\n\t\t\tvar toggleSize = true;\r\n\t\t\tjQuery('iframe').animate({\r\n\t\t\t    width: toggleSize ? width : 640,\r\n\t\t\t    height: toggleSize ? height : 360\r\n\t\t\t  }, 250);\r\n\r\n\t\t\t  toggleSize = !toggleSize;\r\n\t\t}\r\n\r\n\r\n\t<\/script>\r\n\t\t\t\t\r\n\t\t\t\n","protected":false},"excerpt":{"rendered":"","protected":false},"author":1,"featured_media":0,"parent":0,"menu_order":0,"comment_status":"closed","ping_status":"closed","template":"","meta":{"advanced_seo_description":"","spay_email":""},"jetpack_sharing_enabled":true,"_links":{"self":[{"href":"https:\/\/quantumculture.art\/index.php?rest_route=\/wp\/v2\/pages\/328"}],"collection":[{"href":"https:\/\/quantumculture.art\/index.php?rest_route=\/wp\/v2\/pages"}],"about":[{"href":"https:\/\/quantumculture.art\/index.php?rest_route=\/wp\/v2\/types\/page"}],"author":[{"embeddable":true,"href":"https:\/\/quantumculture.art\/index.php?rest_route=\/wp\/v2\/users\/1"}],"replies":[{"embeddable":true,"href":"https:\/\/quantumculture.art\/index.php?rest_route=%2Fwp%2Fv2%2Fcomments&post=328"}],"version-history":[{"count":1,"href":"https:\/\/quantumculture.art\/index.php?rest_route=\/wp\/v2\/pages\/328\/revisions"}],"predecessor-version":[{"id":329,"href":"https:\/\/quantumculture.art\/index.php?rest_route=\/wp\/v2\/pages\/328\/revisions\/329"}],"wp:attachment":[{"href":"https:\/\/quantumculture.art\/index.php?rest_route=%2Fwp%2Fv2%2Fmedia&parent=328"}],"curies":[{"name":"wp","href":"https:\/\/api.w.org\/{rel}","templated":true}]}}