{"id":330,"date":"2021-11-22T21:07:29","date_gmt":"2021-11-22T20:07:29","guid":{"rendered":"https:\/\/quantumculture.art\/?page_id=330"},"modified":"2021-11-22T21:07:29","modified_gmt":"2021-11-22T20:07:29","slug":"methodes-et-outils-de-lexpertise-francaise","status":"publish","type":"page","link":"https:\/\/quantumculture.art\/?page_id=330","title":{"rendered":"M\u00e9thodes et outils de l\u2019expertise fran\u00e7aise"},"content":{"rendered":"\n\t\t\t\t\t\t\t<h3 style=\"margin-bottom:20px ;display:block;width:100%;margin-top:10px\">M\u00e9thodes et outils de l\u2019expertise fran\u00e7aise <\/h3>\r\n\t\t\t\t\t\t\t\t<style>\r\n\t\t\t\t\r\n\t\t\t\t\t#tab_container_274 {\r\n\toverflow:hidden;\r\n\tdisplay:block;\r\n\twidth:100%;\r\n\tborder:0px solid #ddd;\r\n\tmargin-bottom:30px;\r\n\t}\r\n\r\n#tab_container_274 .tab-content{\r\n\tpadding:20px;\r\n\tborder: 1px solid #e6e6e6 !important;\r\n\tmargin-top: 0px;\r\n\tbackground-color:#ffffff !important;\r\n\tcolor: #000000 !important;\r\n\tfont-size:16px !important;\r\n\tfont-family: Open Sans !important;\r\n\t\r\n\t\tborder: 1px solid #e6e6e6 !important;\r\n\t}\r\n#tab_container_274 .wpsm_nav-tabs {\r\n    border-bottom: 0px solid #ddd;\r\n}\r\n#tab_container_274 .wpsm_nav-tabs > li.active > a, #tab_container_274 .wpsm_nav-tabs > li.active > a:hover, #tab_container_274 .wpsm_nav-tabs > li.active > a:focus {\r\n\tcolor: #000000 !important;\r\n\tcursor: default;\r\n\tbackground-color: #ffffff !important;\r\n\tborder: 1px solid #e6e6e6 !important;\r\n}\r\n\r\n#tab_container_274 .wpsm_nav-tabs > li > a {\r\n    margin-right: 0px !important; \r\n    line-height: 1.42857143 !important;\r\n    border: 1px solid #d5d5d5 !important;\r\n    border-radius: 0px 0px 0 0 !important; \r\n\tbackground-color: #e8e8e8 !important;\r\n\tcolor: #000000 !important;\r\n\tpadding: 15px 18px 15px 18px !important;\r\n\ttext-decoration: none !important;\r\n\tfont-size: 14px !important;\r\n\ttext-align:center !important;\r\n\tfont-family: Open Sans !important;\r\n}\r\n#tab_container_274 .wpsm_nav-tabs > li > a:focus {\r\noutline: 0px !important;\r\n}\r\n\r\n#tab_container_274 .wpsm_nav-tabs > li > a:before {\r\n\tdisplay:none !important;\r\n}\r\n#tab_container_274 .wpsm_nav-tabs > li > a:after {\r\n\tdisplay:none !important ;\r\n}\r\n#tab_container_274 .wpsm_nav-tabs > li{\r\npadding:0px !important ;\r\nmargin:0px;\r\n}\r\n\r\n#tab_container_274 .wpsm_nav-tabs > li > a:hover , #tab_container_274 .wpsm_nav-tabs > li > a:focus {\r\n    color: #000000 !important;\r\n    background-color: #e8e8e8 !important;\r\n\tborder: 1px solid #d5d5d5 !important;\r\n\t\r\n}\r\n#tab_container_274 .wpsm_nav-tabs > li > a .fa{\r\n\r\nmargin-right:5px !important;\r\n\r\nmargin-left:5px !important;\r\n\r\n\r\n}\r\n\r\n\t\t#tab_container_274 .wpsm_nav-tabs a{\r\n\t\t\tbackground-image: none;\r\n\t\t\tbackground-position: 0 0;\r\n\t\t\tbackground-repeat: repeat-x;\r\n\t\t}\r\n\t\t\t\r\n\r\n\r\n#tab_container_274 .wpsm_nav-tabs > li {\r\n    float: left;\r\n    margin-bottom: -1px !important;\r\n\tmargin-right:0px !important; \r\n}\r\n\r\n\r\n#tab_container_274 .tab-content{\r\noverflow:hidden !important;\r\n}\r\n\r\n\r\n@media (min-width: 769px) {\r\n\r\n\t#tab_container_274 .wpsm_nav-tabs > li{\r\n\t\tfloat:left !important ;\r\n\t\t\t\tmargin-right:-1px !important;\r\n\t\t\t\t\t}\r\n\t#tab_container_274 .wpsm_nav-tabs{\r\n\t\tfloat:none !important;\r\n\t\tmargin:0px !important;\r\n\t}\r\n\r\n\t#tab_container_274 .wpsm_nav-tabs > li {\r\n\t\t\t\t\r\n\t}\r\n\t#tab_container_274 .wpsm_nav{\r\n\t\t\t}\r\n\r\n}\r\n\r\n\r\n\r\n@media (max-width: 768px) {\r\n\t#tab_container_274 .wpsm_nav-tabs > li {\r\n\t\t\t\t\r\n\t}\r\n\t#tab_container_274 .wpsm_nav{\r\n\t\t\t}\r\n}\r\n\r\n\r\n\t.wpsm_nav-tabs li:before{\r\n\t\tdisplay:none !important;\r\n\t}\r\n\r\n\t@media (max-width: 768px) {\r\n\t\t\t\t\r\n\t\t\t\t.wpsm_nav-tabs{\r\n\t\t\tmargin-left:0px !important;\r\n\t\t\tmargin-right:0px !important; \r\n\t\t\t\r\n\t\t}\r\n\t\t\t\t#tab_container_274 .wpsm_nav-tabs > li{\r\n\t\t\tfloat:none !important;\r\n\t\t}\r\n\t\t\t\r\n\t}\t\t\t\t<\/style>\r\n\t\t\t\t<div id=\"tab_container_274\" >\r\n\t \r\n\t\t\t\t\t<ul class=\"wpsm_nav wpsm_nav-tabs\" role=\"tablist\" id=\"myTab_274\">\r\n\t\t\t\t\t\t\t\r\n\t\t\t\t\t\t\t<li role=\"presentation\"  class=\"active\"  onclick=\"do_resize()\">\r\n\t\t\t\t\t\t\t\t<a href=\"#tabs_desc_274_1\" aria-controls=\"tabs_desc_274_1\" role=\"tab\" data-toggle=\"tab\">\r\n\t\t\t\t\t\t\t\t\t\r\n\t\t\t\t\t\t\t\t\t\t\t\t\t\t\t\t\t\t\t\t\t\t\t\t\t\t\t\t\t\t\t\t\t\t\t\t\t\t\t\t\t\t\t\t\t\t\t\t\t\t\t\t\t\t\t\t\t\t\t\r\n\t\t\t\t\t\t\t\t\t\t\t\t\t\t\t\t\t\t\t\t\t\t\r\n\t\t\t\t\t\t\t\t\t\t\t<span>1. D\u00e9finir les modalit\u00e9s de mise en partage<\/span>\r\n\t\t\t\t\t\t\t\t\t\t\t\r\n\t\t\t\t\t\t\t\t\t\t\t\t\t\t\t\t\t\t\t\t\t\t\r\n\t\t\t\t\t\t\t\t\t\t\t\t\t\t\t\t\t\t\t\t\r\n\t\t\t\t\t\t\t\t\t\t\r\n\t\t\t\t\t\t\t\t\t\r\n\t\t\t\t\t\t\t\t<\/a>\r\n\t\t\t\t\t\t\t<\/li>\r\n\t\t\t\t\t\t\t\r\n\t\t\t\t\t\t\t<li role=\"presentation\"  onclick=\"do_resize()\">\r\n\t\t\t\t\t\t\t\t<a href=\"#tabs_desc_274_2\" aria-controls=\"tabs_desc_274_2\" role=\"tab\" data-toggle=\"tab\">\r\n\t\t\t\t\t\t\t\t\t\r\n\t\t\t\t\t\t\t\t\t\t\t\t\t\t\t\t\t\t\t\t\t\t\t\t\t\t\t\t\t\t\t\t\t\t\t\t\t\t\t\t\t\t\t\t\t\t\t\t\t\t\t\t\t\t\t\t\t\t\t\r\n\t\t\t\t\t\t\t\t\t\t\t\t\t\t\t\t\t\t\t\t\t\t\r\n\t\t\t\t\t\t\t\t\t\t\t<span>2. Construire une architecture op\u00e9rationnelle ouverte<\/span>\r\n\t\t\t\t\t\t\t\t\t\t\t\r\n\t\t\t\t\t\t\t\t\t\t\t\t\t\t\t\t\t\t\t\t\t\t\r\n\t\t\t\t\t\t\t\t\t\t\t\t\t\t\t\t\t\t\t\t\r\n\t\t\t\t\t\t\t\t\t\t\r\n\t\t\t\t\t\t\t\t\t\r\n\t\t\t\t\t\t\t\t<\/a>\r\n\t\t\t\t\t\t\t<\/li>\r\n\t\t\t\t\t\t\t\t\t\t\t <\/ul>\r\n\r\n\t\t\t\t\t  <!-- Tab panes -->\r\n\t\t\t\t\t  <div class=\"tab-content\" id=\"tab-content_274\">\r\n\t\t\t\t\t\t\t\t\t\t\t\t <div role=\"tabpanel\" class=\"tab-pane  in active \" id=\"tabs_desc_274_1\">\r\n\t\t\t\t\t\t\t\tTelle que nous l\u2019avons d\u00e9finie, l\u2019ing\u00e9nierie culturelle permet de comprendre, ma\u00eetriser et mettre en coh\u00e9rence la conception, les fonctionnements et les processus \u00e0 l'oeuvre autour des formes et des objets culturels, dont la complexit\u00e9 ne permet pas un pilotage simple. La logique de l\u2018ing\u00e9nierie culturelle veillera ainsi \u00e0 relier syst\u00e9matiquement toutes les m\u00e9thodes et les outils de transfert et d\u2019accompagnement propos\u00e9s \u00e0 l\u2019international, afin de rester en coh\u00e9rence avec les objectifs \u00e9thiques et de gouvernance qu\u2019elle incarne.\r\n<\/br>\r\nLes <strong>balises de libert\u00e9, de dignit\u00e9, de capabilit\u00e9 et de responsabilit\u00e9 des personnes<\/strong>, selon le r\u00e9f\u00e9rentiel des droits culturels, serviront ainsi d\u2019<strong>architecture pour concevoir ces m\u00e9thodes et outils \u00e0 vocation structurelle<\/strong>, en faveur d'un d\u00e9veloppement humain durable.\r\n<\/br>\r\nLa premi\u00e8re \u00e9tape pour tout transfert d\u2019ing\u00e9nierie culturelle, devra s\u2019appuyer sur des diagnostiques partag\u00e9s, afin de comprendre les r\u00e9alit\u00e9s locales (mod\u00e8le politique, contexte socio-\u00e9conomique, cadre l\u00e9gal, en particuliers) et de d\u00e9finir les enjeux et les objectifs du transfert d\u2019expertise selon des logiques participatives et co-construites.\r\n<\/br>\r\nCela sous-entend que la France aura assimil\u00e9 le concept, construit des propositions d\u2019intervention et rendu visible la mobilisation de son ing\u00e9nierie culturelle singuli\u00e8re \u00e0 l\u2019international. Pour cela, certaines propositions du rapport sur La Valorisation du savoir-faire patrimonial fran\u00e7ais \u00e0 l\u2019international peuvent servir d\u2019inspiration et \u00eatre \u00e9tendues \u00e0 l\u2019ing\u00e9nierie culturelle :\r\n<\/br>\r\n<ul>\r\n \t<li style=\"list-style-type: none;\">\r\n<ul>\r\n \t<li style=\"list-style-type: none;\">\r\n<ul>\r\n \t<li><strong>Conforter le r\u00f4le du minist\u00e8re de la culture de pilote de la politique de valorisation internationale de l\u2018ing\u00e9nierie culturelle fran\u00e7aise<\/strong>, notamment en d\u00e9mobilisant ses services centraux sur cet enjeu afin que le r\u00e9flexe international irrigue d\u00e9sormais l\u2019ensemble d\u2019entre eux et en se dotant des outils de pilotage ad\u00e9quats ;\r\nDans cette perspective un travail de fond sur le long terme est indispensable avec le MEAE et le minist\u00e8re de l\u2019\u00e9conomie, qui constituent des partenaires strat\u00e9giques. Il importe \u00e9galement que le MCC et les collectivit\u00e9s territoriales, \u00ab<em> pourvoyeurs d\u2019expertise et de ressources, (\u2026) appel\u00e9es \u00e0 \u00eatre les vecteurs majeurs de la projection du savoir-faire fran\u00e7ais \u00e0 l\u2018\u00e9tranger<\/em> \u00bb, travaillent en lien \u00e9troit sur ce sujet.<\/li>\r\n<\/ul>\r\n<\/li>\r\n<\/ul>\r\n<\/li>\r\n<\/ul>\r\n<ul>\r\n \t<li style=\"list-style-type: none;\">\r\n<ul>\r\n \t<li style=\"list-style-type: none;\">\r\n<ul>\r\n \t<li><strong>Structurer, au niveau institutionnel comme au niveau op\u00e9rationnel, les relations entre le MCC et les professionnels du secteur priv\u00e9<\/strong>, qui sont dispos\u00e9s \u00e0 adosser leurs propres comp\u00e9tences \u00e0 l\u2019expertise publique;<\/li>\r\n<\/ul>\r\n<\/li>\r\n<\/ul>\r\n<\/li>\r\n<\/ul>\r\n<ul>\r\n \t<li style=\"list-style-type: none;\">\r\n<ul>\r\n \t<li style=\"list-style-type: none;\">\r\n<ul>\r\n \t<li><strong>Structurer une offre fran\u00e7aise int\u00e9gr\u00e9e, en \u00e9laborant une cartographie g\u00e9n\u00e9rale de l\u2019ing\u00e9nierie culturelle et de l\u2019ensemble des savoir-faire m\u00e9tiers<\/strong> (patrimonial, audiovisuel, arts-visuels, \u00e9dition, administratifs, techniques\u2026) qu\u2019elle pourra mobiliser \u00e0 l'international, en proc\u00e9dant \u00e0 un triple recensement :\r\n>de l\u2019expertise en ing\u00e9nierie culturelle et de savoir-faire, au sein des institutions publiques, comme des op\u00e9rateurs priv\u00e9s,\r\n> des comp\u00e9tences administratives n\u00e9cessaires \u00e0 une politique d\u2019exportation efficiente,\r\n> des prestations que ces diff\u00e9rents acteurs peuvent offrir ;\r\nCe colossal travail de collectage, fait partie int\u00e9grante des attributs que l\u2018ing\u00e9nierie culturelle peut porter, dans sa capacit\u00e9 \u00e0 identifier et relier les parties prenantes de l\u2019\u00e9cosyst\u00e8me et veiller \u00e0 sa coh\u00e9rence.<\/li>\r\n<\/ul>\r\n<\/li>\r\n<\/ul>\r\n<\/li>\r\n<\/ul>\r\n<ul>\r\n \t<li style=\"list-style-type: none;\">\r\n<ul>\r\n \t<li style=\"list-style-type: none;\">\r\n<ul>\r\n \t<li><strong>Mobiliser les acteurs et les ressources<\/strong>, en permettant aux organisations d\u2019affecter une partie de leurs ressources humaines \u00e0 des prestations d\u2019expertise internationale et en organisant, par l\u2018ing\u00e9nierie culturelle, la mise en commun d\u2019une pluralit\u00e9 de comp\u00e9tences mobilisables ;<\/li>\r\n<\/ul>\r\n<\/li>\r\n<\/ul>\r\n<\/li>\r\n<\/ul>\r\n<ul>\r\n \t<li style=\"list-style-type: none;\">\r\n<ul>\r\n \t<li style=\"list-style-type: none;\">\r\n<ul>\r\n \t<li>Mettre en place un <strong>m\u00e9canisme syst\u00e9matique de veille et de ressource internationales sur les champs culturels et cr\u00e9atifs dans le monde<\/strong>, doubl\u00e9 d\u2019une plateforme d\u2019analyse des bonnes pratiques en terme de transfert de l'ing\u00e9nierie culturelle fran\u00e7aise ;<\/li>\r\n<\/ul>\r\n<\/li>\r\n<\/ul>\r\n<\/li>\r\n<\/ul>\r\n<ul>\r\n \t<li style=\"list-style-type: none;\">\r\n<ul>\r\n \t<li style=\"list-style-type: none;\">\r\n<ul>\r\n \t<li>Elaborer une <strong>programme d\u2019\u00e9valuation<\/strong> continue des op\u00e9rations de transfert ;<\/li>\r\n<\/ul>\r\n<\/li>\r\n<\/ul>\r\n<\/li>\r\n<\/ul>\r\n<ul>\r\n \t<li style=\"list-style-type: none;\">\r\n<ul>\r\n \t<li style=\"list-style-type: none;\">\r\n<ul>\r\n \t<li>Construire des partenariats publics - priv\u00e9s et des <strong>consortiums internationaux, afin de promouvoir la d\u00e9marche engag\u00e9e et r\u00e9pondre aux appels d\u2019offres<\/strong> ;<\/li>\r\n<\/ul>\r\n<\/li>\r\n<\/ul>\r\n<\/li>\r\n<\/ul>\r\n<ul>\r\n \t<li style=\"list-style-type: none;\">\r\n<ul>\r\n \t<li style=\"list-style-type: none;\">\r\n<ul>\r\n \t<li><strong>Se mettre en \u00e9tat de r\u00e9pondre efficacement aux appels d\u2019offres<\/strong>, notamment en participant \u00e0 la d\u00e9finition des besoins des partenaires, en repensant les cadres des appels d\u2019offres et leur r\u00e9daction, par une concertation efficace avec les bailleurs de fonds et les instances internationales ;<\/li>\r\n<\/ul>\r\n<\/li>\r\n<\/ul>\r\n<\/li>\r\n<\/ul>\r\n<ul>\r\n \t<li style=\"list-style-type: none;\">\r\n<ul>\r\n \t<li style=\"list-style-type: none;\">\r\n<ul>\r\n \t<li><strong>Cr\u00e9er un portail multilingues de l\u2019offre d'ing\u00e9nierie culturelle fran\u00e7aise<\/strong> qui expliquera l\u2019approche globale des \u00e9cosyst\u00e8mes, identifiera et r\u00e9f\u00e9rencera les p\u00f4les d\u2019excellence mobilisables et constituera l\u2019outil privil\u00e9gi\u00e9 de projection de l\u2018ing\u00e9nierie culturelle \u00e0 l\u2019\u00e9tranger, s\u2019appuyant notamment sur le r\u00e9seau diplomatique.<\/li>\r\n<\/ul>\r\n<\/li>\r\n<\/ul>\r\n<\/li>\r\n<\/ul>\r\nNous pouvons \u00e9galement souhaiter d'<strong>am\u00e9liorer la coop\u00e9ration entre les diff\u00e9rents op\u00e9rateurs institutionnels de l\u2019export<\/strong> : Institut Fran\u00e7ais, Business France, IFCIC, Unifrance, France M\u00e9dias Monde, CFI, AFD, Expertise France, RMN, Louvre Conseil, Archives Nationales\u2026 voire de la formaliser dans un partenariat ax\u00e9 sur le transfert de l\u2019ing\u00e9nierie culturelle fran\u00e7aise.\r\n\r\nEn revanche, la cr\u00e9ation d\u2019une agence, sur le mod\u00e8le propos\u00e9 pour France Patrimoine par Jean MUSITELLI et Esther de MOUSTIER , ne semble par pertinente en la mati\u00e8re. L\u2019ing\u00e9nierie culturelle relevant de cette combinaison complexe d'immat\u00e9riels (contenus, valeurs, savoir-faire, droits\u2026) au sein de contextes et d'organisations vari\u00e9s, et impliquant une gestion des interactions entre ses composantes, les trois principaux minist\u00e8re impliqu\u00e9s dans la d\u00e9marche internationale (culture, affaires \u00e9trang\u00e8res et \u00e9conomie) devront surtout veiller \u00e0 la mise en place d\u2019une concertation permanente avec l\u2018ensemble des parties prenantes r\u00e9f\u00e9renc\u00e9es.\t\t\t\t\t\t <\/div>\r\n\t\t\t\t\t\t\t\t\t\t\t\t <div role=\"tabpanel\" class=\"tab-pane \" id=\"tabs_desc_274_2\">\r\n\t\t\t\t\t\t\t\tIl ne nous appartient pas aujourd\u2019hui de faire une liste exhaustive des op\u00e9rations de transfert et des actions d\u2019accompagnement que l\u2018ing\u00e9nierie culturelle pourra d\u00e9ployer sur les territoires partenaires, mais certains \u00e9l\u00e9ments peuvent \u00eatre mis en lumi\u00e8re, comme des <b>leviers d\u2019efficacit\u00e9 de l\u2019expertise et de durabilit\u00e9 de la coop\u00e9ration internationales<\/b>.\r\n<ol>\r\n \t<li><b>Le conseil en politiques publiques<\/b><\/li>\r\n<\/ol>\r\nCe savoir-faire rel\u00e8ve de la gouvernance et de la strat\u00e9gie des politiques culturelles. Il est<span class=\"Apple-converted-space\">\u00a0 <\/span>donc essentiel pour formaliser l\u2019engagement en faveur d\u2019une vision \u00e9thique et durable de la fili\u00e8re culturelle et cr\u00e9ative du pays. Il int\u00e8gre les enjeux administratifs et l\u00e9gaux, ainsi que ceux de structuration et de financements des \u00e9cosyst\u00e8mes. Des dispositifs comme les \"S\u00e9minaires Malraux\"<span class=\"Apple-converted-space\">\u00a0 <\/span>s\u2019inscrivent dans ce cadre.\r\n<ol>\r\n \t<li><b>L\u2019\u00e9ducation et la formation<\/b><\/li>\r\n<\/ol>\r\nL\u2019ing\u00e9nierie culturelle se doit d\u2019incarner une soci\u00e9t\u00e9 de la connaissance, humaniste et \u00e9mancipatrice, dont l\u2019\u00e9ducation et la formation sont des piliers de d\u00e9veloppement des \u00ab\u00a0<i>capabilit\u00e9s<\/i> \u00bb<span class=\"Apple-converted-space\">\u00a0 <\/span>des personnes. Le num\u00e9rique permet en outre de simplifier les \u00e9changes, et voit de nouveaux supports se mettre en place, dont les MOOC<span class=\"Apple-converted-space\">\u00a0 <\/span>et les webinars. Les programmes d\u2019attractivit\u00e9 \"Focus\" et \"Lab Citoyen\"<span class=\"Apple-converted-space\">\u00a0 <\/span>pilot\u00e9s par l\u2019Institut Fran\u00e7ais sont des outils de partage de la connaissance en faveur de \u00ab\u00a0<i>celles et ceux qui jouent, aujourd\u2019hui et demain, un r\u00f4le moteur dans la vie sociale et culturelle de leurs pays<\/i>\u00a0\u00bb. Il s'agit bien d\u2019investir sur l\u2019avenir.\r\n\r\n<b>> c. Op\u00e9rations de mentorat \u00e0 long terme<\/b>\r\n\r\nQuel qu\u2019en soit le sujet, de la politique publique jusqu\u2019\u00e0 des questions techniques, le mentorat<span class=\"Apple-converted-space\">\u00a0 <\/span>permet de construire des relations \u00e9quilibr\u00e9es et adapt\u00e9es au besoin du mentor\u00e9. Il \u00e9vite les \u00e9cueils que pourraient avoir des processus standardis\u00e9s d\u2019accompagnement et peut s\u2019inscrire sur du long terme. Le programme \"Talent de leader\"<span class=\"Apple-converted-space\">\u00a0 <\/span>que nous avons \u00e9voqu\u00e9 est un exemple probant.\r\n\r\n<b>> d. Le soutien \u00e0 la cr\u00e9ation de r\u00e9seaux<\/b>\r\n\r\nComme nous l\u2019avons vu, favoriser les coop\u00e9rations internes aux territoires est un vecteur de leur d\u00e9veloppement. Les r\u00e9seaux, qu\u2019ils soient formels ou informels, permettent en effet de d\u00e9passer les logiques individuels pour construire ensemble et structurer le champ qu\u2019ils constituent. Base \u00e0 partir de laquelle peuvent \u00eatre envisag\u00e9s des changements d\u2019\u00e9chelle : au niveau national voire international, ainsi que trans-disciplinaire ou trans-sectoriel (quand les organisations culturelles d\u00e9passent leurs limites \"naturelles\" pour rayonner dans d\u2019autres champs ou secteurs). La France \u00e9tant particuli\u00e8rement bien dot\u00e9e en la mati\u00e8re, il est ais\u00e9 de proc\u00e9der \u00e0 des transferts en vue de f\u00e9d\u00e9rer les acteurs ou les r\u00e9seaux d\u2019acteurs.\r\n\r\n<b>> e. Des plateformes d'appui \u00e0 la structuration et \u00e0 l\u2019innovation<\/b>\r\n\r\nLa cr\u00e9ation sur les territoires de \"plateformes de comp\u00e9tences\" d\u00e9velopp\u00e9es sur les mod\u00e8les de l\u2019ESS (entre p\u00f4les de comp\u00e9tences, bureaux de production et PTCE), ayant vocation \u00e0 accompagner la structuration (statutaire, administrative, comptable et financi\u00e8re, en gestion des talents\u2026) des organisations culturelles, peut \u00eatre port\u00e9 par l\u2019ing\u00e9nierie culturelle. Il s'agit de cr\u00e9er un \u00e9cosyst\u00e8me favorable pour le partage des savoirs, la coop\u00e9ration et le d\u00e9veloppement de l\u2019innovation. Le r\u00e9cent incubateur de stratups Digital Africa, port\u00e9 par l'AFD<span class=\"Apple-converted-space\">\u00a0 <\/span>a ainsi pour vocation de f\u00e9d\u00e9rer les partenaires, bailleurs et financiers, les associations et les entreprises priv\u00e9es, pour co-construire des solutions.\r\n\r\n<b>> f. Les partenariats entre organisations<\/b>\r\n\r\nS\u2019appuyer sur les grands phares de la culture en France (grands \u00e9quipements, festivals, foires, organisations majeures\u2026) permet de faciliter les rep\u00e9rages et potentielles identifications des op\u00e9rateurs du pays. Le Louvre Abu Dhabi est ainsi un exemple de ce que l\u2018ing\u00e9nierie culturelle fran\u00e7aise peut construire \u00e0 l\u2019international. Cependant, des entit\u00e9s moins visibles peuvent avoir d\u00e9velopp\u00e9 des comp\u00e9tences de pointe dans leur domaine, et surtout \u00eatre en capacit\u00e9 d\u2019int\u00e9grer le volet international dans leur strat\u00e9gie, pour privil\u00e9gier des partenariats au long court. Il appartient \u00e0 l\u2018ing\u00e9nierie culturelle de savoir identifier ces acteurs et de favoriser des partenariats fructueux, dans la logique d\u2019interculturation \u00e9voqu\u00e9e pr\u00e9c\u00e9demment. L\u2019op\u00e9ration Digital Lab<span class=\"Apple-converted-space\">\u00a0 <\/span>mise en place entre les Etats-Unis et la France, est un mod\u00e8le d\u2019amor\u00e7age pouvant \u00eatre \u00e9tendu.\r\n\r\n<b>> g. Les grands travaux<\/b>\r\n\r\nL\u2019exportation de grands travaux fait partie du g\u00e9nie fran\u00e7ais. M\u00eame s\u2019ils restent exceptionnels, il peut s'agir \"d\u2019outils\" mobilisables par l\u2018ing\u00e9nierie culturelle, afin de r\u00e9pondre \u00e0 des objectifs de d\u00e9veloppement d\u2019un pays, d\u2019autant qu\u2019ils exigent des comp\u00e9tences de plus en plus diverses, depuis les m\u00e9tiers d\u2019art jusqu\u2019aux technologies les plus avanc\u00e9es des mat\u00e9riaux et du num\u00e9rique. Les grands travaux culturels permettent \u00e0 l\u2019ensemble de la palette de l\u2019ing\u00e9nierie culturelle de s\u2019exprimer ; elle restera vigilante sur les conditions politiques, strat\u00e9giques et humaines dans lesquelles ceux-ci prennent place.\r\n\r\n<b>> h. Les m\u00e9ga-expositions<\/b>\r\n\r\nDans un logique proche de celle des grands travaux, la diffusion de m\u00e9ga-expositions en capacit\u00e9 de \"toucher\"<span class=\"Apple-converted-space\">\u00a0 <\/span>un nombre tr\u00e8s important de personnes dans le monde, peut \u00eatre un levier \u00e0 la fois de sensibilisation et d\u2019\u00e9ducation port\u00e9 par l\u2018ing\u00e9nierie culturelle. Toutefois, les conditions de leur production et les contenus devront \u00eatre \u00e0 la hauteur des ambitions partag\u00e9es avec les parties prenantes et permettre de cr\u00e9er des \"valeurs communes\" <span class=\"Apple-converted-space\">\u00a0 <\/span>en \u00e9vitant les approches standardis\u00e9s.\r\n\r\n<b>><span class=\"Apple-converted-space\">\u00a0 <\/span>i. Les festivals et \u00e9v\u00e8nements<\/b>\r\n\r\nLes \u00e9v\u00e8nements et festivals culturels jouent des r\u00f4les de catalyseurs ind\u00e9niables pour les<span class=\"Apple-converted-space\">\u00a0 <\/span>organisations p\u00e9riph\u00e9riques (soutien \u00e0 la mise en r\u00e9seau) et les personnes. L\u2019ing\u00e9nierie culturelle pourra alors accompagner la cr\u00e9ation ou le transfert d\u2019\u00e9v\u00e8nements fran\u00e7ais au sein d\u2019un pays partenaire, lorsque ceux-ci pr\u00e9sentent des engagements tangibles : sur des champs esth\u00e9tiques novateurs ou ayant des vocations trans-disciplinaires et\/ou trans-sectorielles<span class=\"Apple-converted-space\">\u00a0 <\/span>(en particulier en lien avec le d\u00e9veloppement durable), faisant oeuvre de p\u00e9dagogie. Il ne s\u2019agit pas de promouvoir des supports ou contenus commerciaux mais bien d\u2019utiliser l\u2019\u00e9v\u00e8nement pour cr\u00e9er les conditions d\u2019expression de libert\u00e9s afin de \u00ab\u00a0faire humanit\u00e9 ensemble\u00a0\u00bb .\r\n\r\nConsid\u00e9r\u00e9s s\u00e9par\u00e9ment, ces outils op\u00e9rationnels de transfert d'expertise culturelle ont chacun une fonction et une valeur qui \u00ab\u00a0<i>peuvent contribuer \u00e0 forger un nouvel avenir pour de nombreux pays dans le monde\u00a0\u00bb .<span class=\"Apple-converted-space\">\u00a0<\/span><\/i>\r\n\r\nN\u00e9anmoins, nous rappelons que ces \u00e9l\u00e9ments ne sont pas des fins en eux-m\u00eames mais des illustrations. Car c\u2019est bien dans la <b>vision syst\u00e9mique de la culture et dans l\u2019assemblage global de ces composantes multiples que prend force et sens l\u2019ing\u00e9nierie culturelle<\/b>, qui garantira des coop\u00e9rations et des partenariats riches et durables dans le temps.\r\n\r\nIl importe donc de sortir de la simple logique d\u2019exportation de biens et contenus culturels \u00e9ph\u00e9m\u00e8res (qui rel\u00e8ve de saupoudrages financiers souvent co\u00fbteux et finalement peu efficaces) et de promotion de nos op\u00e9rateurs et entreprises industrielles (dont la cr\u00e9ation de valeur cons\u00e9cutive n\u2019a que peu \u00e0 voir avec l\u2018int\u00e9r\u00eat g\u00e9n\u00e9ral), pour co-construire des propositions \u00e9quitables ayant vocation d\u2019\u00e9mancipation de l\u2019humanit\u00e9.\r\n\r\nEn r\u00e9visant ses modes d\u2019interventions et en engageant la dynamique n\u00e9cessaire au changement \u00e0 l\u2019\u00e9chelle internationale, la France perdrait ses oripeaux de puissance colonisatrice, pour devenir non plus un op\u00e9rateur de sa propre influence mais un acteur central et av\u00e9r\u00e9 du d\u00e9veloppement humain durable.\t\t\t\t\t\t <\/div>\r\n\t\t\t\t\t\t\t\r\n\t\t\t\t\t <\/div>\r\n\t\t\t\t\t \r\n\t\t\t\t <\/div>\r\n <script>\r\n\t\tjQuery(function () {\r\n\t\t\tjQuery('#myTab_274 a:first').tab('show')\r\n\t\t});\r\n\t\t\r\n\t\t\t\tjQuery(function(){\r\n\t\t\tvar b=\"fadeIn\";\r\n\t\t\tvar c;\r\n\t\t\tvar a;\r\n\t\t\td(jQuery(\"#myTab_274 a\"),jQuery(\"#tab-content_274\"));function d(e,f,g){\r\n\t\t\t\te.click(function(i){\r\n\t\t\t\t\ti.preventDefault();\r\n\t\t\t\t\tjQuery(this).tab(\"show\");\r\n\t\t\t\t\tvar h=jQuery(this).data(\"easein\");\r\n\t\t\t\t\tif(c){c.removeClass(a);}\r\n\t\t\t\t\tif(h){f.find(\"div.active\").addClass(\"animated \"+h);a=h;}\r\n\t\t\t\t\telse{if(g){f.find(\"div.active\").addClass(\"animated \"+g);a=g;}else{f.find(\"div.active\").addClass(\"animated \"+b);a=b;}}c=f.find(\"div.active\");\r\n\t\t\t\t});\r\n\t\t\t}\r\n\t\t});\r\n\t\t\r\n\r\n\t\tfunction do_resize(){\r\n\r\n\t\t\tvar width=jQuery( '.tab-content .tab-pane iframe' ).width();\r\n\t\t\tvar height=jQuery( '.tab-content .tab-pane iframe' ).height();\r\n\r\n\t\t\tvar toggleSize = true;\r\n\t\t\tjQuery('iframe').animate({\r\n\t\t\t    width: toggleSize ? width : 640,\r\n\t\t\t    height: toggleSize ? height : 360\r\n\t\t\t  }, 250);\r\n\r\n\t\t\t  toggleSize = !toggleSize;\r\n\t\t}\r\n\r\n\r\n\t<\/script>\r\n\t\t\t\t\r\n\t\t\t\n","protected":false},"excerpt":{"rendered":"","protected":false},"author":1,"featured_media":0,"parent":0,"menu_order":0,"comment_status":"closed","ping_status":"closed","template":"","meta":{"advanced_seo_description":"","spay_email":""},"jetpack_sharing_enabled":true,"_links":{"self":[{"href":"https:\/\/quantumculture.art\/index.php?rest_route=\/wp\/v2\/pages\/330"}],"collection":[{"href":"https:\/\/quantumculture.art\/index.php?rest_route=\/wp\/v2\/pages"}],"about":[{"href":"https:\/\/quantumculture.art\/index.php?rest_route=\/wp\/v2\/types\/page"}],"author":[{"embeddable":true,"href":"https:\/\/quantumculture.art\/index.php?rest_route=\/wp\/v2\/users\/1"}],"replies":[{"embeddable":true,"href":"https:\/\/quantumculture.art\/index.php?rest_route=%2Fwp%2Fv2%2Fcomments&post=330"}],"version-history":[{"count":1,"href":"https:\/\/quantumculture.art\/index.php?rest_route=\/wp\/v2\/pages\/330\/revisions"}],"predecessor-version":[{"id":331,"href":"https:\/\/quantumculture.art\/index.php?rest_route=\/wp\/v2\/pages\/330\/revisions\/331"}],"wp:attachment":[{"href":"https:\/\/quantumculture.art\/index.php?rest_route=%2Fwp%2Fv2%2Fmedia&parent=330"}],"curies":[{"name":"wp","href":"https:\/\/api.w.org\/{rel}","templated":true}]}}